{"id":1734,"date":"2017-08-29T11:48:29","date_gmt":"2017-08-29T11:48:29","guid":{"rendered":"https:\/\/promo-theme.com\/novo\/dark\/?page_id=2"},"modified":"2024-07-14T18:32:50","modified_gmt":"2024-07-14T17:32:50","slug":"home","status":"publish","type":"page","link":"https:\/\/www.alvarozapata.com\/en\/","title":{"rendered":"Home"},"content":{"rendered":"<section class=\"wpb-content-wrapper\"><div data-vc-full-width=\"true\" data-vc-full-width-init=\"false\" data-vc-stretch-content=\"true\" class=\"vc_row wpb_row vc_row-fluid vc_row-69ef681acd946 vc_row-no-padding\"><div class=\"wpb_column vc_column_container vc_col-sm-12 vc_row-69ef681acdbae\"><div class=\"vc_column-inner\"><div class=\"wpb_wrapper\"><div class=\"banner-area banner-area-5d5fcaff87039 external-indent banner-color-inherit\" data-settings=\"{&quot;loop&quot;:true,&quot;speed&quot;:500,&quot;autoplay&quot;:false,&quot;arrows&quot;:true,&quot;dots&quot;:true,&quot;dots_position&quot;:&quot;right-bottom&quot;,&quot;animation&quot;:&quot;&quot;}\"><div class=\"banner-social-buttons\"><div class=\"links\"><a href=\"https:\/\/www.facebook.com\/alvarozapata.video\/\" class=\"item\" target=\"_self\"\"><i class=\"fab fa-facebook-f\"><\/i><span>Facebook<\/span><\/a><a href=\"https:\/\/www.instagram.com\/alvarozapata.video\/\" class=\"item\" target=\"_self\"\"><i class=\"fab fa-instagram\"><\/i><span>Instagram<\/span><\/a><\/div><\/div><div class=\"banner-categories vertical-align-bottom text-align-left\"><div class=\"item\"><a href=\"https:\/\/www.alvarozapata.com\/en\/pt-portfolio-category\/bodas\" style=\"background-image: url(https:\/\/www.alvarozapata.com\/wp-content\/uploads\/2023\/07\/Montaje.00_16_34_03.Imagen-fija029.jpg);\"><span><span class=\"num\"><\/span><span class=\"h\">Weddings<\/span><\/span><\/a><\/div><\/div><div class=\"banner-about content\"><div class=\"row\"><div class=\"image col-12 col-md-6\" style=\"background-image: url(https:\/\/www.alvarozapata.com\/wp-content\/uploads\/2023\/09\/WhatsApp-Image-2023-08-25-at-17.30.34.jpeg)\"><\/div><div class=\"text col-12 col-md-6\"><div class=\"wrap\"><div class=\"cell\"><div class=\"image\" style=\"background-image: url(https:\/\/www.alvarozapata.com\/wp-content\/uploads\/2023\/09\/WhatsApp-Image-2023-08-25-at-17.30.34.jpeg)\"><\/div><div class=\"sub-h\">About me<\/div><div class=\"heading-decor\"><h3>\u00c1lvaro <span>Zapata<\/span><\/h3><\/div><div class=\"text-p\">I suppose that first of all, it would be good to know the person behind the camera. Let me introduce myself: My name is \u00c1lvaro and if you ask me since when I'm in the audiovisual world... I wouldn't know how to answer. Since I have use of reason, I have been very close to cameras, I come from a family related to visual arts, and I suppose that has influenced the passion I have today for my work. From a very young age, I have enjoyed filming videos and shorts with my friends, and over the years, my interest in capturing moments and events became my profession.<\/p>\n<p>I studied performing arts high school, then graduated as a senior technician in lighting, image capture and processing, and finally as a camera operator at CES school in Madrid.<\/p>\n<p>I started to take an interest in the world of weddings in 2018 and worked for some photography studios in Murcia and Alicante, before continuing on my own two years later. This period has taught me that each wedding is unique and has reinforced my awareness of the importance of my role in them. Therefore, I always strive to give each detail the importance it deserves and adapt to each couple, as no two are alike.<\/p>\n<p>One of my premises is naturalness. I try to avoid giving orders or interfering with the development of events, since I prefer everything to flow in front of the camera. This is the basis of my style: 0% poses, 100% authenticity.<\/div><a href=\"https:\/\/www.alvarozapata.com\/en\/\" class=\"button-style2\" target=\"_self\">Portfolio<\/a><\/div><\/div><div class=\"bg-word\">About me<\/div><\/div><\/div><\/div><div class=\"banner-right-buttons\"><div class=\"cell\"><div class=\"button category\"><span class=\"h\">Portfolio<\/span><span class=\"close\"><i class=\"basic-ui-icon-cancel\"><\/i>Close<\/span><\/div><div class=\"button about\"><span class=\"h\">About me<\/span><span class=\"close\"><i class=\"basic-ui-icon-cancel\"><\/i>Close<\/span><\/div><\/div><\/div><div class=\"banner banner-5d5fcaff87039  arrows-right-bottom pagination-right-bottom\" style=\" --transition-speed: 2500ms;\"><div class=\"swiper-container\"><div class=\"swiper-wrapper\"><div class=\"item swiper-slide banner-item-5d5fdb0354688 tal white\">\n      <div class=\"bg-image\" style=\"\"><\/div>\n      \n    <div class=\"bg-overlay\">\n              <div class=\"video-wrap\"><video class=\"video\" playsinline muted loop src=\"https:\/\/www.alvarozapata.com\/wp-content\/uploads\/2024\/07\/Highlights-Alvaro-Zapata-2024.mp4\" type=\"video\/mp4\" preload=\"none\"><\/video><\/div>                  <\/div>\n\n    \n      \n      <div class=\"container\">\n        <div class=\"cell bottom\">\n          \n          \n          \n          \n        <\/div>\n      <\/div>\n    <\/div><\/div><\/div><div class=\"owl-nav\"><div class=\"owl-prev basic-ui-icon-left-arrow\"><\/div><div class=\"owl-next basic-ui-icon-right-arrow\"><\/div><\/div><div class=\"owl-dots\"><\/div><\/div><\/div><\/div><\/div><\/div><\/div><div class=\"vc_row-full-width vc_clearfix\"><\/div>\n<\/section>","protected":false},"excerpt":{"rendered":"InstagramBodasSobre m\u00ed\u00c1lvaro ZapataSupongo que antes de nada, ser\u00eda bueno conocer a la persona que hay detr\u00e1s de la c\u00e1mara. Me presento: Mi nombre es \u00c1lvaro y si me preguntas desde cuando estoy en el mundo de lo audiovisual\u2026 No te sabr\u00eda responder. Desde que tengo uso de raz\u00f3n he estado muy unido a las c\u00e1maras, [...]","protected":false},"author":1,"featured_media":0,"parent":0,"menu_order":0,"comment_status":"closed","ping_status":"open","template":"template-landing.php","meta":[],"acf":[],"yoast_head":"<!-- This site is optimized with the Yoast SEO plugin v21.1 - https:\/\/yoast.com\/wordpress\/plugins\/seo\/ -->\n<title>Inicio - \u00c1lvaro Zapata - Videografo<\/title>\n<meta name=\"robots\" content=\"index, follow, max-snippet:-1, max-image-preview:large, max-video-preview:-1\" \/>\n<link rel=\"canonical\" href=\"https:\/\/www.alvarozapata.com\/en\/\" \/>\n<meta property=\"og:locale\" content=\"en_GB\" \/>\n<meta property=\"og:type\" content=\"article\" \/>\n<meta property=\"og:title\" content=\"Inicio - \u00c1lvaro Zapata - Videografo\" \/>\n<meta property=\"og:url\" content=\"https:\/\/www.alvarozapata.com\/en\/\" \/>\n<meta property=\"og:site_name\" content=\"\u00c1lvaro Zapata - Videografo\" \/>\n<meta property=\"article:modified_time\" content=\"2024-07-14T17:32:50+00:00\" \/>\n<meta property=\"og:image\" content=\"https:\/\/www.alvarozapata.com\/wp-content\/uploads\/2023\/08\/icono-facebook-2.jpg\" \/>\n\t<meta property=\"og:image:width\" content=\"720\" \/>\n\t<meta property=\"og:image:height\" content=\"720\" \/>\n\t<meta property=\"og:image:type\" content=\"image\/jpeg\" \/>\n<meta name=\"twitter:card\" content=\"summary_large_image\" \/>\n<meta name=\"twitter:image\" content=\"https:\/\/www.alvarozapata.com\/wp-content\/uploads\/2023\/08\/icono-facebook-2.jpg\" \/>\n<meta name=\"twitter:label1\" content=\"Estimated reading time\" \/>\n\t<meta name=\"twitter:data1\" content=\"2 minutes\" \/>\n<script type=\"application\/ld+json\" class=\"yoast-schema-graph\">{\"@context\":\"https:\/\/schema.org\",\"@graph\":[{\"@type\":\"WebPage\",\"@id\":\"https:\/\/www.alvarozapata.com\/\",\"url\":\"https:\/\/www.alvarozapata.com\/\",\"name\":\"Inicio - \u00c1lvaro Zapata - Videografo\",\"isPartOf\":{\"@id\":\"https:\/\/www.alvarozapata.com\/#website\"},\"datePublished\":\"2017-08-29T11:48:29+00:00\",\"dateModified\":\"2024-07-14T17:32:50+00:00\",\"breadcrumb\":{\"@id\":\"https:\/\/www.alvarozapata.com\/#breadcrumb\"},\"inLanguage\":\"en-GB\",\"potentialAction\":[{\"@type\":\"ReadAction\",\"target\":[\"https:\/\/www.alvarozapata.com\/\"]}]},{\"@type\":\"BreadcrumbList\",\"@id\":\"https:\/\/www.alvarozapata.com\/#breadcrumb\",\"itemListElement\":[{\"@type\":\"ListItem\",\"position\":1,\"name\":\"Portada\",\"item\":\"https:\/\/www.alvarozapata.com\/\"},{\"@type\":\"ListItem\",\"position\":2,\"name\":\"Inicio\"}]},{\"@type\":\"WebSite\",\"@id\":\"https:\/\/www.alvarozapata.com\/#website\",\"url\":\"https:\/\/www.alvarozapata.com\/\",\"name\":\"\u00c1lvaro Zapata - Videografo\",\"description\":\"V\u00eddeo de boda en Murcia\",\"potentialAction\":[{\"@type\":\"SearchAction\",\"target\":{\"@type\":\"EntryPoint\",\"urlTemplate\":\"https:\/\/www.alvarozapata.com\/?s={search_term_string}\"},\"query-input\":\"required name=search_term_string\"}],\"inLanguage\":\"en-GB\"}]}<\/script>\n<!-- \/ Yoast SEO plugin. -->","yoast_head_json":{"title":"Inicio - \u00c1lvaro Zapata - Videografo","robots":{"index":"index","follow":"follow","max-snippet":"max-snippet:-1","max-image-preview":"max-image-preview:large","max-video-preview":"max-video-preview:-1"},"canonical":"https:\/\/www.alvarozapata.com\/en\/","og_locale":"en_GB","og_type":"article","og_title":"Inicio - \u00c1lvaro Zapata - Videografo","og_url":"https:\/\/www.alvarozapata.com\/en\/","og_site_name":"\u00c1lvaro Zapata - Videografo","article_modified_time":"2024-07-14T17:32:50+00:00","og_image":[{"width":720,"height":720,"url":"https:\/\/www.alvarozapata.com\/wp-content\/uploads\/2023\/08\/icono-facebook-2.jpg","type":"image\/jpeg"}],"twitter_card":"summary_large_image","twitter_image":"https:\/\/www.alvarozapata.com\/wp-content\/uploads\/2023\/08\/icono-facebook-2.jpg","twitter_misc":{"Estimated reading time":"2 minutes"},"schema":{"@context":"https:\/\/schema.org","@graph":[{"@type":"WebPage","@id":"https:\/\/www.alvarozapata.com\/","url":"https:\/\/www.alvarozapata.com\/","name":"Inicio - \u00c1lvaro Zapata - Videografo","isPartOf":{"@id":"https:\/\/www.alvarozapata.com\/#website"},"datePublished":"2017-08-29T11:48:29+00:00","dateModified":"2024-07-14T17:32:50+00:00","breadcrumb":{"@id":"https:\/\/www.alvarozapata.com\/#breadcrumb"},"inLanguage":"en-GB","potentialAction":[{"@type":"ReadAction","target":["https:\/\/www.alvarozapata.com\/"]}]},{"@type":"BreadcrumbList","@id":"https:\/\/www.alvarozapata.com\/#breadcrumb","itemListElement":[{"@type":"ListItem","position":1,"name":"Portada","item":"https:\/\/www.alvarozapata.com\/"},{"@type":"ListItem","position":2,"name":"Inicio"}]},{"@type":"WebSite","@id":"https:\/\/www.alvarozapata.com\/#website","url":"https:\/\/www.alvarozapata.com\/","name":"\u00c1lvaro Zapata - Videografo","description":"V\u00eddeo de boda en Murcia","potentialAction":[{"@type":"SearchAction","target":{"@type":"EntryPoint","urlTemplate":"https:\/\/www.alvarozapata.com\/?s={search_term_string}"},"query-input":"required name=search_term_string"}],"inLanguage":"en-GB"}]}},"_links":{"self":[{"href":"https:\/\/www.alvarozapata.com\/en\/wp-json\/wp\/v2\/pages\/1734"}],"collection":[{"href":"https:\/\/www.alvarozapata.com\/en\/wp-json\/wp\/v2\/pages"}],"about":[{"href":"https:\/\/www.alvarozapata.com\/en\/wp-json\/wp\/v2\/types\/page"}],"author":[{"embeddable":true,"href":"https:\/\/www.alvarozapata.com\/en\/wp-json\/wp\/v2\/users\/1"}],"replies":[{"embeddable":true,"href":"https:\/\/www.alvarozapata.com\/en\/wp-json\/wp\/v2\/comments?post=1734"}],"version-history":[{"count":83,"href":"https:\/\/www.alvarozapata.com\/en\/wp-json\/wp\/v2\/pages\/1734\/revisions"}],"predecessor-version":[{"id":2902,"href":"https:\/\/www.alvarozapata.com\/en\/wp-json\/wp\/v2\/pages\/1734\/revisions\/2902"}],"wp:attachment":[{"href":"https:\/\/www.alvarozapata.com\/en\/wp-json\/wp\/v2\/media?parent=1734"}],"curies":[{"name":"wp","href":"https:\/\/api.w.org\/{rel}","templated":true}]}}