{"id":705,"date":"2017-09-18T10:46:12","date_gmt":"2017-09-18T09:46:12","guid":{"rendered":"https:\/\/promo-theme.com\/novo\/dark\/?page_id=705"},"modified":"2025-02-12T15:52:36","modified_gmt":"2025-02-12T14:52:36","slug":"sobre-mi","status":"publish","type":"page","link":"https:\/\/www.alvarozapata.com\/en\/sobre-mi","title":{"rendered":"About me"},"content":{"rendered":"<section class=\"wpb-content-wrapper\"><div class=\"vc_row wpb_row vc_row-fluid vc_row-69f1b3fded32a\"><div class=\"wpb_animate_when_almost_visible wpb_fadeIn fadeIn wpb_column vc_column_container vc_col-sm-12 vc_row-69f1b3fded637\"><div class=\"vc_column-inner vc_custom_1506084142423\"><div class=\"wpb_wrapper\">      <div class=\"heading-block heading-6001762512c04 tac h-h2 with-line vc_custom_1674993927142\">\n                  <h2 class=\"h\">About me<\/h2>\n              <\/div>\n    <\/div><\/div><\/div><\/div><div class=\"vc_row wpb_row vc_row-fluid vc_custom_1505137157448 vc_row-69f1b3fded813 vc_row-o-equal-height vc_row-o-content-middle vc_row-flex\"><div class=\"wpb_animate_when_almost_visible wpb_fadeInLeft fadeInLeft wpb_column vc_column_container vc_col-sm-6 vc_row-5fff52341e152 vc_col-has-fill\">\n    <div class=\"bg-overlay\">\n          <\/div>\n\n    <div class=\"vc_column-inner vc_custom_1739371953006\"><div class=\"wpb_wrapper\"><\/div><\/div><\/div><div class=\"wpb_animate_when_almost_visible wpb_fadeInRight fadeInRight wpb_column vc_column_container vc_col-sm-6 vc_row-69f1b3fdeda6a vc_col-has-fill\"><div class=\"vc_column-inner vc_custom_1506084117248\"><div class=\"wpb_wrapper\">      <div class=\"heading-block heading-5fff538b44c99 tal h-h3 with-line vc_custom_1674945863238\">\n                  <h3 class=\"h\">\u00c1lvaro <span>Zapata<\/span><\/h3>\n              <\/div>\n    \n\t<div class=\"wpb_text_column wpb_content_element\" >\n\t\t<div class=\"wpb_wrapper\">\n\t\t\t<p><span style=\"font-weight: 400;\">I suppose that first of all, it would be good to know the person behind the camera. Let me introduce myself: My name is \u00c1lvaro and if you ask me since when I'm in the audiovisual world... I wouldn't know how to answer. Since I have use of reason, I have been very close to cameras, I come from a family related to visual arts, and I suppose that has influenced the passion I have today for my work. From a very young age, I have enjoyed filming videos and shorts with my friends, and over the years, my interest in capturing moments and events became my profession.\u00a0<\/span><\/p>\n<p><span style=\"font-weight: 400;\">I studied performing arts high school, then graduated as a senior technician in lighting, image capture and processing, and finally as a camera operator at CES school in Madrid.<\/span><\/p>\n<p><span style=\"font-weight: 400;\">I started to take an interest in the world of weddings in 2018 and worked for some photography studios in Murcia and Alicante, before continuing on my own two years later. This period has taught me that each wedding is unique and has reinforced my awareness of the importance of my role in them. Therefore, I always strive to give each detail the importance it deserves and adapt to each couple, as no two are alike.<\/span><\/p>\n<p><span style=\"font-weight: 400;\">One of my premises is naturalness. I try to avoid giving orders or interfering with the development of events, since I prefer everything to flow in front of the camera. This is the basis of my style: 0% poses, 100% authenticity.<\/span><\/p>\n<p>Now that you know me, <a href=\"https:\/\/www.alvarozapata.com\/en\/contacto\/\">how about we talk?<\/a>?<\/p>\n\n\t\t<\/div>\n\t<\/div>\n<\/div><\/div><\/div><\/div>\n<\/section>","protected":false},"excerpt":{"rendered":"Sobre m\u00ed \u00c1lvaro Zapata Supongo que antes de nada, ser\u00eda bueno conocer a la persona que hay detr\u00e1s de la c\u00e1mara. Me presento: Mi nombre es \u00c1lvaro y si me preguntas desde cuando estoy en el mundo de lo audiovisual... No te sabr\u00eda responder. Desde que tengo uso de raz\u00f3n he estado muy unido a [...]","protected":false},"author":1,"featured_media":0,"parent":0,"menu_order":0,"comment_status":"closed","ping_status":"closed","template":"template-landing.php","meta":[],"acf":[],"yoast_head":"<!-- This site is optimized with the Yoast SEO plugin v21.1 - https:\/\/yoast.com\/wordpress\/plugins\/seo\/ -->\n<title>Sobre m\u00ed - \u00c1lvaro Zapata - Videografo<\/title>\n<meta name=\"robots\" content=\"index, follow, max-snippet:-1, max-image-preview:large, max-video-preview:-1\" \/>\n<link rel=\"canonical\" href=\"https:\/\/www.alvarozapata.com\/en\/sobre-mi\/\" \/>\n<meta property=\"og:locale\" content=\"en_GB\" \/>\n<meta property=\"og:type\" content=\"article\" \/>\n<meta property=\"og:title\" content=\"Sobre m\u00ed - \u00c1lvaro Zapata - Videografo\" \/>\n<meta property=\"og:url\" content=\"https:\/\/www.alvarozapata.com\/en\/sobre-mi\/\" \/>\n<meta property=\"og:site_name\" content=\"\u00c1lvaro Zapata - Videografo\" \/>\n<meta property=\"article:modified_time\" content=\"2025-02-12T14:52:36+00:00\" \/>\n<meta name=\"twitter:card\" content=\"summary_large_image\" \/>\n<meta name=\"twitter:label1\" content=\"Estimated reading time\" \/>\n\t<meta name=\"twitter:data1\" content=\"2 minutes\" \/>\n<script type=\"application\/ld+json\" class=\"yoast-schema-graph\">{\"@context\":\"https:\/\/schema.org\",\"@graph\":[{\"@type\":\"WebPage\",\"@id\":\"https:\/\/www.alvarozapata.com\/sobre-mi\",\"url\":\"https:\/\/www.alvarozapata.com\/sobre-mi\",\"name\":\"Sobre m\u00ed - \u00c1lvaro Zapata - Videografo\",\"isPartOf\":{\"@id\":\"https:\/\/www.alvarozapata.com\/#website\"},\"datePublished\":\"2017-09-18T09:46:12+00:00\",\"dateModified\":\"2025-02-12T14:52:36+00:00\",\"breadcrumb\":{\"@id\":\"https:\/\/www.alvarozapata.com\/sobre-mi#breadcrumb\"},\"inLanguage\":\"en-GB\",\"potentialAction\":[{\"@type\":\"ReadAction\",\"target\":[\"https:\/\/www.alvarozapata.com\/sobre-mi\"]}]},{\"@type\":\"BreadcrumbList\",\"@id\":\"https:\/\/www.alvarozapata.com\/sobre-mi#breadcrumb\",\"itemListElement\":[{\"@type\":\"ListItem\",\"position\":1,\"name\":\"Portada\",\"item\":\"https:\/\/www.alvarozapata.com\/\"},{\"@type\":\"ListItem\",\"position\":2,\"name\":\"Sobre m\u00ed\"}]},{\"@type\":\"WebSite\",\"@id\":\"https:\/\/www.alvarozapata.com\/#website\",\"url\":\"https:\/\/www.alvarozapata.com\/\",\"name\":\"\u00c1lvaro Zapata - Videografo\",\"description\":\"V\u00eddeo de boda en Murcia\",\"potentialAction\":[{\"@type\":\"SearchAction\",\"target\":{\"@type\":\"EntryPoint\",\"urlTemplate\":\"https:\/\/www.alvarozapata.com\/?s={search_term_string}\"},\"query-input\":\"required name=search_term_string\"}],\"inLanguage\":\"en-GB\"}]}<\/script>\n<!-- \/ Yoast SEO plugin. -->","yoast_head_json":{"title":"Sobre m\u00ed - \u00c1lvaro Zapata - Videografo","robots":{"index":"index","follow":"follow","max-snippet":"max-snippet:-1","max-image-preview":"max-image-preview:large","max-video-preview":"max-video-preview:-1"},"canonical":"https:\/\/www.alvarozapata.com\/en\/sobre-mi\/","og_locale":"en_GB","og_type":"article","og_title":"Sobre m\u00ed - \u00c1lvaro Zapata - Videografo","og_url":"https:\/\/www.alvarozapata.com\/en\/sobre-mi\/","og_site_name":"\u00c1lvaro Zapata - Videografo","article_modified_time":"2025-02-12T14:52:36+00:00","twitter_card":"summary_large_image","twitter_misc":{"Estimated reading time":"2 minutes"},"schema":{"@context":"https:\/\/schema.org","@graph":[{"@type":"WebPage","@id":"https:\/\/www.alvarozapata.com\/sobre-mi","url":"https:\/\/www.alvarozapata.com\/sobre-mi","name":"Sobre m\u00ed - \u00c1lvaro Zapata - Videografo","isPartOf":{"@id":"https:\/\/www.alvarozapata.com\/#website"},"datePublished":"2017-09-18T09:46:12+00:00","dateModified":"2025-02-12T14:52:36+00:00","breadcrumb":{"@id":"https:\/\/www.alvarozapata.com\/sobre-mi#breadcrumb"},"inLanguage":"en-GB","potentialAction":[{"@type":"ReadAction","target":["https:\/\/www.alvarozapata.com\/sobre-mi"]}]},{"@type":"BreadcrumbList","@id":"https:\/\/www.alvarozapata.com\/sobre-mi#breadcrumb","itemListElement":[{"@type":"ListItem","position":1,"name":"Portada","item":"https:\/\/www.alvarozapata.com\/"},{"@type":"ListItem","position":2,"name":"Sobre m\u00ed"}]},{"@type":"WebSite","@id":"https:\/\/www.alvarozapata.com\/#website","url":"https:\/\/www.alvarozapata.com\/","name":"\u00c1lvaro Zapata - Videografo","description":"V\u00eddeo de boda en Murcia","potentialAction":[{"@type":"SearchAction","target":{"@type":"EntryPoint","urlTemplate":"https:\/\/www.alvarozapata.com\/?s={search_term_string}"},"query-input":"required name=search_term_string"}],"inLanguage":"en-GB"}]}},"_links":{"self":[{"href":"https:\/\/www.alvarozapata.com\/en\/wp-json\/wp\/v2\/pages\/705"}],"collection":[{"href":"https:\/\/www.alvarozapata.com\/en\/wp-json\/wp\/v2\/pages"}],"about":[{"href":"https:\/\/www.alvarozapata.com\/en\/wp-json\/wp\/v2\/types\/page"}],"author":[{"embeddable":true,"href":"https:\/\/www.alvarozapata.com\/en\/wp-json\/wp\/v2\/users\/1"}],"replies":[{"embeddable":true,"href":"https:\/\/www.alvarozapata.com\/en\/wp-json\/wp\/v2\/comments?post=705"}],"version-history":[{"count":77,"href":"https:\/\/www.alvarozapata.com\/en\/wp-json\/wp\/v2\/pages\/705\/revisions"}],"predecessor-version":[{"id":2947,"href":"https:\/\/www.alvarozapata.com\/en\/wp-json\/wp\/v2\/pages\/705\/revisions\/2947"}],"wp:attachment":[{"href":"https:\/\/www.alvarozapata.com\/en\/wp-json\/wp\/v2\/media?parent=705"}],"curies":[{"name":"wp","href":"https:\/\/api.w.org\/{rel}","templated":true}]}}