{"id":753,"date":"2017-09-20T11:51:56","date_gmt":"2017-09-20T10:51:56","guid":{"rendered":"https:\/\/promo-theme.com\/novo\/dark\/?page_id=753"},"modified":"2024-07-14T19:12:20","modified_gmt":"2024-07-14T18:12:20","slug":"contacto","status":"publish","type":"page","link":"https:\/\/www.alvarozapata.com\/en\/contacto","title":{"rendered":"Contact"},"content":{"rendered":"<section class=\"wpb-content-wrapper\"><div class=\"vc_row wpb_row vc_row-fluid vc_row-69f1baaa3038d\"><div class=\"wpb_column vc_column_container vc_col-sm-12 vc_row-69f1baaa31113\"><div class=\"vc_column-inner\"><div class=\"wpb_wrapper\"><h2 style=\"text-align: center\" class=\"vc_custom_heading\" >Contact<\/h2><\/div><\/div><\/div><\/div><div class=\"vc_row wpb_row vc_row-fluid vc_row-69f1baaa315ed\"><div class=\"wpb_column vc_column_container vc_col-sm-3 vc_col-lg-offset-1 vc_col-md-offset-1 vc_col-sm-offset-1 vc_row-69f1baaa3177c\"><div class=\"vc_column-inner\"><div class=\"wpb_wrapper\"><div class=\"vc_icon_element vc_icon_element-outer vc_icon_element-align-center vc_icon_element-have-style\"><div class=\"vc_icon_element-inner vc_icon_element-color-white vc_icon_element-have-style-inner vc_icon_element-size-lg vc_icon_element-style-rounded-outline vc_icon_element-outline vc_icon_element-background-color-custom\"  style=\"border-color:#c48f56\"><span class=\"vc_icon_element-icon multimedia-icon-smartphone\" ><\/span><\/div><\/div>\n\t<div class=\"wpb_text_column wpb_content_element\" >\n\t\t<div class=\"wpb_wrapper\">\n\t\t\t<p style=\"text-align: center;\"><span style=\"font-size: 14px; font-weight: 300;\">+ 34 744 64 22 26<\/span><\/p>\n\n\t\t<\/div>\n\t<\/div>\n<\/div><\/div><\/div><div class=\"wpb_column vc_column_container vc_col-sm-4 vc_row-69f1baaa31ae5\"><div class=\"vc_column-inner\"><div class=\"wpb_wrapper\"><div class=\"vc_icon_element vc_icon_element-outer vc_icon_element-align-center vc_icon_element-have-style\"><div class=\"vc_icon_element-inner vc_icon_element-color-custom vc_icon_element-have-style-inner vc_icon_element-size-lg vc_icon_element-style-rounded-outline vc_icon_element-outline vc_icon_element-background-color-custom\"  style=\"border-color:#c48f56\"><span class=\"vc_icon_element-icon multimedia-icon-envelope\" style=\"color: !important\"><\/span><\/div><\/div>\n\t<div class=\"wpb_text_column wpb_content_element\" >\n\t\t<div class=\"wpb_wrapper\">\n\t\t\t<p style=\"text-align: center;\">info@alvarozapata.com<\/p>\n\n\t\t<\/div>\n\t<\/div>\n<\/div><\/div><\/div><div class=\"wpb_column vc_column_container vc_col-sm-3 vc_row-69f1baaa31d1e\"><div class=\"vc_column-inner\"><div class=\"wpb_wrapper\"><div class=\"vc_icon_element vc_icon_element-outer vc_icon_element-align-center vc_icon_element-have-style\"><div class=\"vc_icon_element-inner vc_icon_element-color-custom vc_icon_element-have-style-inner vc_icon_element-size-lg vc_icon_element-style-rounded-outline vc_icon_element-outline vc_icon_element-background-color-custom\"  style=\"border-color:#c48f56\"><span class=\"vc_icon_element-icon multimedia-icon-placeholder\" style=\"color: !important\"><\/span><\/div><\/div>\n\t<div class=\"wpb_text_column wpb_content_element\" >\n\t\t<div class=\"wpb_wrapper\">\n\t\t\t<p style=\"text-align: center;\"><span style=\"font-weight: 300;\">Spain. I travel Worldwide.<\/span><\/p>\n\n\t\t<\/div>\n\t<\/div>\n<\/div><\/div><\/div><\/div><div class=\"vc_row wpb_row vc_row-fluid vc_row-69f1baaa31f8b\"><div class=\"wpb_column vc_column_container vc_col-sm-10 vc_col-lg-offset-1 vc_col-md-offset-1 vc_col-sm-offset-1 vc_row-69f1baaa32104\"><div class=\"vc_column-inner\"><div class=\"wpb_wrapper\">\n\t<div class=\"wpb_text_column wpb_content_element\" >\n\t\t<div class=\"wpb_wrapper\">\n\t\t\t<p style=\"text-align: center;\">If you've made it this far, it's because you want to take the step. Are you ready?<\/p>\n<p style=\"text-align: center;\">I will be delighted to assist and guide you from today until the video is in your hands.<\/p>\n<p style=\"text-align: center;\">You can contact me by phone, WhatsApp, email, or you can write to me through this form:<\/p>\n\n\t\t<\/div>\n\t<\/div>\n<\/div><\/div><\/div><\/div><div class=\"vc_row wpb_row vc_row-fluid vc_row-69f1baaa32309\"><div class=\"wpb_column vc_column_container vc_col-sm-12 vc_row-69f1baaa3243f\"><div class=\"vc_column-inner\"><div class=\"wpb_wrapper\">\n<div class=\"wpcf7 no-js\" id=\"wpcf7-f1425-o1\" lang=\"en-US\" dir=\"ltr\">\n<div class=\"screen-reader-response\"><p role=\"status\" aria-live=\"polite\" aria-atomic=\"true\"><\/p> <ul><\/ul><\/div>\n<form action=\"\/en\/wp-json\/wp\/v2\/pages\/753#wpcf7-f1425-o1\" method=\"post\" class=\"wpcf7-form init\" aria-label=\"Contact form\" novalidate=\"novalidate\" data-status=\"init\" data-trp-original-action=\"\/en\/wp-json\/wp\/v2\/pages\/753#wpcf7-f1425-o1\">\n<div style=\"display: none;\">\n<input type=\"hidden\" name=\"_wpcf7\" value=\"1425\" \/>\n<input type=\"hidden\" name=\"_wpcf7_version\" value=\"5.8\" \/>\n<input type=\"hidden\" name=\"_wpcf7_locale\" value=\"en_US\" \/>\n<input type=\"hidden\" name=\"_wpcf7_unit_tag\" value=\"wpcf7-f1425-o1\" \/>\n<input type=\"hidden\" name=\"_wpcf7_container_post\" value=\"0\" \/>\n<input type=\"hidden\" name=\"_wpcf7_posted_data_hash\" value=\"\" \/>\n<input type=\"hidden\" name=\"_wpcf7_recaptcha_response\" value=\"\" \/>\n<\/div>\n<div class=\"contact-form row\">\n  <div class=\"col-12 col-sm-6\"><span class=\"wpcf7-form-control-wrap\" data-name=\"f-name\"><input size=\"40\" class=\"wpcf7-form-control wpcf7-text wpcf7-validates-as-required style4\" aria-required=\"true\" aria-invalid=\"false\" placeholder=\"Your name...\" value=\"\" type=\"text\" name=\"f-name\" \/><\/span><\/div>\n  <div class=\"col-12 col-sm-6\"><span class=\"wpcf7-form-control-wrap\" data-name=\"f-mail\"><input size=\"40\" class=\"wpcf7-form-control wpcf7-text wpcf7-validates-as-required style4\" aria-required=\"true\" aria-invalid=\"false\" placeholder=\"Your E-mail...\" value=\"\" type=\"text\" name=\"f-mail\" \/><\/span><\/div>\n  <div class=\"col-12\"><span class=\"wpcf7-form-control-wrap\" data-name=\"f-message\"><textarea cols=\"40\" rows=\"4\" class=\"wpcf7-form-control wpcf7-textarea style4\" aria-invalid=\"false\" placeholder=\"Write your message...\" name=\"f-message\"><\/textarea><\/span><\/div>\n  <div class=\"col-12\"><button type=\"submit\" class=\"button-style2\">Send<\/button><\/div>\n<\/div>\n<span class=\"wpcf7-form-control-wrap recaptcha\" data-name=\"recaptcha\"><span data-sitekey=\"6Ldm2IcqAAAAALe5fkWe1b-9yYjc5erXCU9EN0mV\" class=\"wpcf7-form-control wpcf7-recaptcha g-recaptcha\"><\/span>\r\n<noscript>\r\n\t<div class=\"grecaptcha-noscript\">\r\n\t\t<iframe src=\"https:\/\/www.google.com\/recaptcha\/api\/fallback?k=6Ldm2IcqAAAAALe5fkWe1b-9yYjc5erXCU9EN0mV\" frameborder=\"0\" scrolling=\"no\" width=\"310\" height=\"430\">\r\n\t\t<\/iframe>\r\n\t\t<textarea name=\"g-recaptcha-response\" rows=\"3\" cols=\"40\" placeholder=\"reCaptcha Response Here\">\r\n\t\t<\/textarea>\r\n\t<\/div>\r\n<\/noscript>\r\n<\/span><p style=\"display: none !important;\"><label>&#916;<textarea name=\"_wpcf7_ak_hp_textarea\" cols=\"45\" rows=\"8\" maxlength=\"100\"><\/textarea><\/label><input type=\"hidden\" id=\"ak_js_1\" name=\"_wpcf7_ak_js\" value=\"54\"\/><script>document.getElementById( \"ak_js_1\" ).setAttribute( \"value\", ( new Date() ).getTime() );<\/script><\/p><div class=\"wpcf7-response-output\" aria-hidden=\"true\"><\/div>\n<input type=\"hidden\" name=\"trp-form-language\" value=\"en\"\/><\/form>\n<\/div>\n<\/div><\/div><\/div><\/div>\n<\/section>","protected":false},"excerpt":{"rendered":"Contacto + 34 744 64 22 26 info@alvarozapata.com Murcia y toda Espa\u00f1a. Si has llegado hasta aqu\u00ed es por que quieres dar el paso. \u00bfEst\u00e1s preparad@? Estar\u00e9 encantado de atenderte y guiarte desde hoy, hasta que el v\u00eddeo est\u00e9 en tus manos. Me puedes contactar por tel\u00e9fono, whatsapp, mail o bien me puedes escribir a [...]","protected":false},"author":1,"featured_media":0,"parent":0,"menu_order":0,"comment_status":"closed","ping_status":"closed","template":"template-landing.php","meta":[],"acf":[],"yoast_head":"<!-- This site is optimized with the Yoast SEO plugin v21.1 - https:\/\/yoast.com\/wordpress\/plugins\/seo\/ -->\n<title>Contacto - \u00c1lvaro Zapata - Videografo<\/title>\n<meta name=\"robots\" content=\"index, follow, max-snippet:-1, max-image-preview:large, max-video-preview:-1\" \/>\n<link rel=\"canonical\" href=\"https:\/\/www.alvarozapata.com\/en\/contacto\/\" \/>\n<meta property=\"og:locale\" content=\"en_GB\" \/>\n<meta property=\"og:type\" content=\"article\" \/>\n<meta property=\"og:title\" content=\"Contacto - \u00c1lvaro Zapata - Videografo\" \/>\n<meta property=\"og:url\" content=\"https:\/\/www.alvarozapata.com\/en\/contacto\/\" \/>\n<meta property=\"og:site_name\" content=\"\u00c1lvaro Zapata - Videografo\" \/>\n<meta property=\"article:modified_time\" content=\"2024-07-14T18:12:20+00:00\" \/>\n<meta property=\"og:image\" content=\"https:\/\/www.alvarozapata.com\/wp-content\/uploads\/2023\/08\/icono-facebook-2.jpg\" \/>\n\t<meta property=\"og:image:width\" content=\"720\" \/>\n\t<meta property=\"og:image:height\" content=\"720\" \/>\n\t<meta property=\"og:image:type\" content=\"image\/jpeg\" \/>\n<meta name=\"twitter:card\" content=\"summary_large_image\" \/>\n<meta name=\"twitter:image\" content=\"https:\/\/www.alvarozapata.com\/wp-content\/uploads\/2023\/08\/icono-facebook-2.jpg\" \/>\n<meta name=\"twitter:label1\" content=\"Estimated reading time\" \/>\n\t<meta name=\"twitter:data1\" content=\"1 minute\" \/>\n<script type=\"application\/ld+json\" class=\"yoast-schema-graph\">{\"@context\":\"https:\/\/schema.org\",\"@graph\":[{\"@type\":\"WebPage\",\"@id\":\"https:\/\/www.alvarozapata.com\/contacto\",\"url\":\"https:\/\/www.alvarozapata.com\/contacto\",\"name\":\"Contacto - \u00c1lvaro Zapata - Videografo\",\"isPartOf\":{\"@id\":\"https:\/\/www.alvarozapata.com\/#website\"},\"datePublished\":\"2017-09-20T10:51:56+00:00\",\"dateModified\":\"2024-07-14T18:12:20+00:00\",\"breadcrumb\":{\"@id\":\"https:\/\/www.alvarozapata.com\/contacto#breadcrumb\"},\"inLanguage\":\"en-GB\",\"potentialAction\":[{\"@type\":\"ReadAction\",\"target\":[\"https:\/\/www.alvarozapata.com\/contacto\"]}]},{\"@type\":\"BreadcrumbList\",\"@id\":\"https:\/\/www.alvarozapata.com\/contacto#breadcrumb\",\"itemListElement\":[{\"@type\":\"ListItem\",\"position\":1,\"name\":\"Portada\",\"item\":\"https:\/\/www.alvarozapata.com\/\"},{\"@type\":\"ListItem\",\"position\":2,\"name\":\"Contacto\"}]},{\"@type\":\"WebSite\",\"@id\":\"https:\/\/www.alvarozapata.com\/#website\",\"url\":\"https:\/\/www.alvarozapata.com\/\",\"name\":\"\u00c1lvaro Zapata - Videografo\",\"description\":\"V\u00eddeo de boda en Murcia\",\"potentialAction\":[{\"@type\":\"SearchAction\",\"target\":{\"@type\":\"EntryPoint\",\"urlTemplate\":\"https:\/\/www.alvarozapata.com\/?s={search_term_string}\"},\"query-input\":\"required name=search_term_string\"}],\"inLanguage\":\"en-GB\"}]}<\/script>\n<!-- \/ Yoast SEO plugin. -->","yoast_head_json":{"title":"Contacto - \u00c1lvaro Zapata - Videografo","robots":{"index":"index","follow":"follow","max-snippet":"max-snippet:-1","max-image-preview":"max-image-preview:large","max-video-preview":"max-video-preview:-1"},"canonical":"https:\/\/www.alvarozapata.com\/en\/contacto\/","og_locale":"en_GB","og_type":"article","og_title":"Contacto - \u00c1lvaro Zapata - Videografo","og_url":"https:\/\/www.alvarozapata.com\/en\/contacto\/","og_site_name":"\u00c1lvaro Zapata - Videografo","article_modified_time":"2024-07-14T18:12:20+00:00","og_image":[{"width":720,"height":720,"url":"https:\/\/www.alvarozapata.com\/wp-content\/uploads\/2023\/08\/icono-facebook-2.jpg","type":"image\/jpeg"}],"twitter_card":"summary_large_image","twitter_image":"https:\/\/www.alvarozapata.com\/wp-content\/uploads\/2023\/08\/icono-facebook-2.jpg","twitter_misc":{"Estimated reading time":"1 minute"},"schema":{"@context":"https:\/\/schema.org","@graph":[{"@type":"WebPage","@id":"https:\/\/www.alvarozapata.com\/contacto","url":"https:\/\/www.alvarozapata.com\/contacto","name":"Contacto - \u00c1lvaro Zapata - Videografo","isPartOf":{"@id":"https:\/\/www.alvarozapata.com\/#website"},"datePublished":"2017-09-20T10:51:56+00:00","dateModified":"2024-07-14T18:12:20+00:00","breadcrumb":{"@id":"https:\/\/www.alvarozapata.com\/contacto#breadcrumb"},"inLanguage":"en-GB","potentialAction":[{"@type":"ReadAction","target":["https:\/\/www.alvarozapata.com\/contacto"]}]},{"@type":"BreadcrumbList","@id":"https:\/\/www.alvarozapata.com\/contacto#breadcrumb","itemListElement":[{"@type":"ListItem","position":1,"name":"Portada","item":"https:\/\/www.alvarozapata.com\/"},{"@type":"ListItem","position":2,"name":"Contacto"}]},{"@type":"WebSite","@id":"https:\/\/www.alvarozapata.com\/#website","url":"https:\/\/www.alvarozapata.com\/","name":"\u00c1lvaro Zapata - Videografo","description":"V\u00eddeo de boda en Murcia","potentialAction":[{"@type":"SearchAction","target":{"@type":"EntryPoint","urlTemplate":"https:\/\/www.alvarozapata.com\/?s={search_term_string}"},"query-input":"required name=search_term_string"}],"inLanguage":"en-GB"}]}},"_links":{"self":[{"href":"https:\/\/www.alvarozapata.com\/en\/wp-json\/wp\/v2\/pages\/753"}],"collection":[{"href":"https:\/\/www.alvarozapata.com\/en\/wp-json\/wp\/v2\/pages"}],"about":[{"href":"https:\/\/www.alvarozapata.com\/en\/wp-json\/wp\/v2\/types\/page"}],"author":[{"embeddable":true,"href":"https:\/\/www.alvarozapata.com\/en\/wp-json\/wp\/v2\/users\/1"}],"replies":[{"embeddable":true,"href":"https:\/\/www.alvarozapata.com\/en\/wp-json\/wp\/v2\/comments?post=753"}],"version-history":[{"count":27,"href":"https:\/\/www.alvarozapata.com\/en\/wp-json\/wp\/v2\/pages\/753\/revisions"}],"predecessor-version":[{"id":2912,"href":"https:\/\/www.alvarozapata.com\/en\/wp-json\/wp\/v2\/pages\/753\/revisions\/2912"}],"wp:attachment":[{"href":"https:\/\/www.alvarozapata.com\/en\/wp-json\/wp\/v2\/media?parent=753"}],"curies":[{"name":"wp","href":"https:\/\/api.w.org\/{rel}","templated":true}]}}