{"id":924,"date":"2017-11-01T07:48:31","date_gmt":"2017-11-01T07:48:31","guid":{"rendered":"https:\/\/promo-theme.com\/novo\/dark\/?page_id=924"},"modified":"2017-11-01T07:48:31","modified_gmt":"2017-11-01T07:48:31","slug":"project-items","status":"publish","type":"page","link":"https:\/\/www.alvarozapata.com\/en\/project-items","title":{"rendered":"Project items links"},"content":{"rendered":"<section class=\"wpb-content-wrapper\"><div class=\"vc_row wpb_row vc_row-fluid vc_row-69e0f1c7c852c\"><div class=\"wpb_column vc_column_container vc_col-sm-12 vc_row-69e0f1c7c8839\"><div class=\"vc_column-inner\"><div class=\"wpb_wrapper\"><h2 style=\"text-align: center\" class=\"vc_custom_heading\" >Gallery<\/h2>\r\n\t\t<div class=\"portfolio-block portfolio-block-59c3651ca7662 popup-gallery\" data-popup-settings=\"{&quot;popupTitle&quot;:false,&quot;popupDesc&quot;:false}\">\r\n\t\t\t\t\t\t\t\t\t<div class=\"filter-buttons filter-button-group tac\">\r\n\t\t\t<div class=\"wrap\">\r\n\t\t\t\t<button class=\"button active\" data-filter=\"*\">\r\n\t\t\t\t\t<span>Todo<\/span>\r\n\t\t\t\t<\/button>\r\n\t\t\t\t\t\t\t\t\t<button class=\"button\" data-filter=\".category-20\">\r\n\t\t\t\t\t\t<span>Weddings<\/span>\r\n\t\t\t\t\t<\/button>\r\n\t\t\t\t\t\t\t\t\t<button class=\"button\" data-filter=\".category-24\">\r\n\t\t\t\t\t\t<span>Other projects<\/span>\r\n\t\t\t\t\t<\/button>\r\n\t\t\t\t\t\t\t\t\t<button class=\"button\" data-filter=\".category-28\">\r\n\t\t\t\t\t\t<span>Victoria y Juan - 9 de Octubre de 2021<\/span>\r\n\t\t\t\t\t<\/button>\r\n\t\t\t\t\t\t\t\t\t<button class=\"button\" data-filter=\".category-19\">\r\n\t\t\t\t\t\t<span>Music videos<\/span>\r\n\t\t\t\t\t<\/button>\r\n\t\t\t\t\t\t\t<\/div>\r\n\t\t<\/div>\r\n\t\t\t\t\t\t<div class=\"portfolio-items portfolio-type-grid load-wrap portfolio_hover_type_1 row\">\r\n\t\t\t\t\t\t\t<article class=\"portfolio-item col-12 col-sm-4 col-lg-4 portfolio-grid-item category-19 popup-item with-video image-center\">\r\n\t\t\t<div class=\"wrap\">\r\n\t\t\t\t\t\t\t\t\t<div class=\"a-img\" data-original=\"https:\/\/www.alvarozapata.com\/wp-content\/uploads\/2021\/03\/videoclips.jpg\">\r\n\t\t\t\t\t\t<div style=\"background-image: url(https:\/\/www.alvarozapata.com\/wp-content\/uploads\/2021\/03\/videoclips-1024x683.jpg);\"><\/div>\r\n            \t\t\t\t\t<\/div>\r\n\t\t\t\t          <a href=\"https:\/\/www.alvarozapata.com\/en\/pt-portfolio\/retrodisea-suenos-de-neon-2020\" class=\"permalink\"><i class=\"basic-ui-icon-link\"><\/i><\/a>\r\n        \t\t\t\t<div class=\"content\">\r\n\t\t\t\t\t\t\t\t<h5>Retrodisea - Sue\u00f1os de Ne\u00f3n (2020)<\/h5>\r\n\t\t\t\t\t\t\t\t\t\t\t<\/div>\r\n                  <a class=\"link\" href=\"#\" data-popup-json=\"{&quot;title&quot;:&quot;Retrodisea - Sue\\u00f1os de Ne\\u00f3n (2020)&quot;,&quot;desc&quot;:false,&quot;video&quot;:{&quot;html&quot;:&quot;&lt;iframe class=\\&quot;pswp__video\\&quot; width=\\&quot;1920\\&quot; height=\\&quot;1080\\&quot; src=\\&quot;https:\\\/\\\/youtube.com\\\/embed\\\/bHQCCrh2rPM?rel=0&#038;showinfo=0&#038;enablejsapi=1\\&quot; frameborder=\\&quot;0\\&quot; allowfullscreen=\\&quot;\\&quot;&gt;&lt;\\\/iframe&gt;&quot;,&quot;w&quot;:1920,&quot;h&quot;:1080},&quot;post_id&quot;:1989,&quot;likes&quot;:&quot;1&quot;,&quot;projectLink&quot;:&quot;https:\\\/\\\/www.alvarozapata.com\\\/en\\\/pt-portfolio\\\/retrodisea-suenos-de-neon-2020&quot;,&quot;projectLinkTarget&quot;:&quot;_self&quot;}\" data-id=\"0\" ><\/a>        \t\t\t<\/div>\r\n\t\t<\/article>\r\n\t\t\t\t<article class=\"portfolio-item col-12 col-sm-4 col-lg-4 portfolio-grid-item category-19 popup-item with-video image-center\">\r\n\t\t\t<div class=\"wrap\">\r\n\t\t\t\t\t\t\t\t\t<div class=\"a-img\" data-original=\"https:\/\/www.alvarozapata.com\/wp-content\/uploads\/2020\/12\/C0103.3476.Imagen-fija001-3.jpg\">\r\n\t\t\t\t\t\t<div style=\"background-image: url(https:\/\/www.alvarozapata.com\/wp-content\/uploads\/2020\/12\/C0103.3476.Imagen-fija001-3-1024x677.jpg);\"><\/div>\r\n            \t\t\t\t\t<\/div>\r\n\t\t\t\t          <a href=\"https:\/\/www.alvarozapata.com\/en\/pt-portfolio\/sonia-nawri-summer-vibes-2020\" class=\"permalink\"><i class=\"basic-ui-icon-link\"><\/i><\/a>\r\n        \t\t\t\t<div class=\"content\">\r\n\t\t\t\t\t\t\t\t<h5>Sonia Nawri - Summer Vibes (2020)<\/h5>\r\n\t\t\t\t\t\t\t\t\t\t\t<\/div>\r\n                  <a class=\"link\" href=\"#\" data-popup-json=\"{&quot;title&quot;:&quot;Sonia Nawri - Summer Vibes (2020)&quot;,&quot;desc&quot;:false,&quot;video&quot;:{&quot;html&quot;:&quot;&lt;iframe class=\\&quot;pswp__video\\&quot; width=\\&quot;1920\\&quot; height=\\&quot;1080\\&quot; src=\\&quot;https:\\\/\\\/youtube.com\\\/embed\\\/cV11BJSvuZw?rel=0&#038;showinfo=0&#038;enablejsapi=1\\&quot; frameborder=\\&quot;0\\&quot; allowfullscreen=\\&quot;\\&quot;&gt;&lt;\\\/iframe&gt;&quot;,&quot;w&quot;:1920,&quot;h&quot;:1080},&quot;post_id&quot;:1991,&quot;likes&quot;:&quot;2&quot;,&quot;projectLink&quot;:&quot;https:\\\/\\\/www.alvarozapata.com\\\/en\\\/pt-portfolio\\\/sonia-nawri-summer-vibes-2020&quot;,&quot;projectLinkTarget&quot;:&quot;_self&quot;}\" data-id=\"1\" ><\/a>        \t\t\t<\/div>\r\n\t\t<\/article>\r\n\t\t\t\t<article class=\"portfolio-item col-12 col-sm-4 col-lg-4 portfolio-grid-item  popup-item with-video image-center\">\r\n\t\t\t<div class=\"wrap\">\r\n\t\t\t\t\t\t\t\t\t<div class=\"a-img\" data-original=\"https:\/\/www.alvarozapata.com\/wp-content\/uploads\/2021\/03\/Video-corporativo.jpg\">\r\n\t\t\t\t\t\t<div style=\"background-image: url(https:\/\/www.alvarozapata.com\/wp-content\/uploads\/2021\/03\/Video-corporativo-1024x869.jpg);\"><\/div>\r\n            \t\t\t\t\t<\/div>\r\n\t\t\t\t          <a href=\"https:\/\/www.alvarozapata.com\/en\/pt-portfolio\/asesalud\" class=\"permalink\"><i class=\"basic-ui-icon-link\"><\/i><\/a>\r\n        \t\t\t\t<div class=\"content\">\r\n\t\t\t\t\t\t\t\t<h5>Spot - ASESalud (2021)<\/h5>\r\n\t\t\t\t\t\t\t\t\t\t\t<\/div>\r\n                  <a class=\"link\" href=\"#\" data-popup-json=\"{&quot;title&quot;:&quot;Spot - ASESalud (2021)&quot;,&quot;desc&quot;:false,&quot;video&quot;:{&quot;html&quot;:&quot;&lt;iframe class=\\&quot;pswp__video\\&quot; width=\\&quot;1920\\&quot; height=\\&quot;1080\\&quot; src=\\&quot;https:\\\/\\\/youtube.com\\\/embed\\\/kGnGZzyQm10?rel=0&#038;showinfo=0&#038;enablejsapi=1\\&quot; frameborder=\\&quot;0\\&quot; allowfullscreen=\\&quot;\\&quot;&gt;&lt;\\\/iframe&gt;&quot;,&quot;w&quot;:1920,&quot;h&quot;:1080},&quot;post_id&quot;:2034,&quot;likes&quot;:&quot;1&quot;,&quot;projectLink&quot;:&quot;https:\\\/\\\/www.alvarozapata.com\\\/en\\\/pt-portfolio\\\/asesalud&quot;,&quot;projectLinkTarget&quot;:&quot;_self&quot;}\" data-id=\"2\" ><\/a>        \t\t\t<\/div>\r\n\t\t<\/article>\r\n\t\t\t\t<article class=\"portfolio-item col-12 col-sm-4 col-lg-4 portfolio-grid-item  popup-item with-video image-center\">\r\n\t\t\t<div class=\"wrap\">\r\n\t\t\t\t\t\t\t\t\t<div class=\"a-img\" data-original=\"https:\/\/www.alvarozapata.com\/wp-content\/uploads\/2021\/03\/Secuencia-2.00_01_36_06.Imagen-fija003.jpg\">\r\n\t\t\t\t\t\t<div style=\"background-image: url(https:\/\/www.alvarozapata.com\/wp-content\/uploads\/2021\/03\/Secuencia-2.00_01_36_06.Imagen-fija003-998x1024.jpg);\"><\/div>\r\n            \t\t\t\t\t<\/div>\r\n\t\t\t\t          <a href=\"https:\/\/www.alvarozapata.com\/en\/pt-portfolio\/2148\" class=\"permalink\"><i class=\"basic-ui-icon-link\"><\/i><\/a>\r\n        \t\t\t\t<div class=\"content\">\r\n\t\t\t\t\t\t\t\t<h5>Videobook - Fernando Mart\u00ednez (2021)<\/h5>\r\n\t\t\t\t\t\t\t\t\t\t\t<\/div>\r\n                  <a class=\"link\" href=\"#\" data-popup-json=\"{&quot;title&quot;:&quot;Videobook - Fernando Mart\\u00ednez (2021)&quot;,&quot;desc&quot;:false,&quot;video&quot;:{&quot;html&quot;:&quot;&lt;iframe class=\\&quot;pswp__video\\&quot; width=\\&quot;1920\\&quot; height=\\&quot;1080\\&quot; src=\\&quot;https:\\\/\\\/youtube.com\\\/embed\\\/hTNwlNbcWxw?rel=0&#038;showinfo=0&#038;enablejsapi=1\\&quot; frameborder=\\&quot;0\\&quot; allowfullscreen=\\&quot;\\&quot;&gt;&lt;\\\/iframe&gt;&quot;,&quot;w&quot;:1920,&quot;h&quot;:1080},&quot;post_id&quot;:2148,&quot;likes&quot;:&quot;2&quot;,&quot;projectLink&quot;:&quot;https:\\\/\\\/www.alvarozapata.com\\\/en\\\/pt-portfolio\\\/2148&quot;,&quot;projectLinkTarget&quot;:&quot;_self&quot;}\" data-id=\"3\" ><\/a>        \t\t\t<\/div>\r\n\t\t<\/article>\r\n\t\t\t\t<article class=\"portfolio-item col-12 col-sm-4 col-lg-4 portfolio-grid-item category-19 popup-item with-video image-center\">\r\n\t\t\t<div class=\"wrap\">\r\n\t\t\t\t\t\t\t\t\t<div class=\"a-img\" data-original=\"https:\/\/www.alvarozapata.com\/wp-content\/uploads\/2021\/06\/WhatsApp-Image-2021-05-20-at-19.43.54.jpeg\">\r\n\t\t\t\t\t\t<div style=\"background-image: url(https:\/\/www.alvarozapata.com\/wp-content\/uploads\/2021\/06\/WhatsApp-Image-2021-05-20-at-19.43.54-1024x1024.jpeg);\"><\/div>\r\n            \t\t\t\t\t<\/div>\r\n\t\t\t\t          <a href=\"https:\/\/www.alvarozapata.com\/en\/pt-portfolio\/fjay-a-la-cara\" class=\"permalink\"><i class=\"basic-ui-icon-link\"><\/i><\/a>\r\n        \t\t\t\t<div class=\"content\">\r\n\t\t\t\t\t\t\t\t<h5>FJay - A la cara (2021)<\/h5>\r\n\t\t\t\t\t\t\t\t\t\t\t<\/div>\r\n                  <a class=\"link\" href=\"#\" data-popup-json=\"{&quot;title&quot;:&quot;FJay - A la cara (2021)&quot;,&quot;desc&quot;:false,&quot;video&quot;:{&quot;html&quot;:&quot;&lt;iframe class=\\&quot;pswp__video\\&quot; width=\\&quot;1920\\&quot; height=\\&quot;1080\\&quot; src=\\&quot;https:\\\/\\\/youtube.com\\\/embed\\\/1TGapJmliAY?rel=0&#038;showinfo=0&#038;enablejsapi=1\\&quot; frameborder=\\&quot;0\\&quot; allowfullscreen=\\&quot;\\&quot;&gt;&lt;\\\/iframe&gt;&quot;,&quot;w&quot;:1920,&quot;h&quot;:1080},&quot;post_id&quot;:2275,&quot;likes&quot;:0,&quot;projectLink&quot;:&quot;https:\\\/\\\/www.alvarozapata.com\\\/en\\\/pt-portfolio\\\/fjay-a-la-cara&quot;,&quot;projectLinkTarget&quot;:&quot;_self&quot;}\" data-id=\"4\" ><\/a>        \t\t\t<\/div>\r\n\t\t<\/article>\r\n\t\t\t\t<article class=\"portfolio-item col-12 col-sm-4 col-lg-4 portfolio-grid-item category-24 popup-item with-video image-center\">\r\n\t\t\t<div class=\"wrap\">\r\n\t\t\t\t\t\t\t\t\t<div class=\"a-img\" data-original=\"https:\/\/www.alvarozapata.com\/wp-content\/uploads\/2021\/07\/miniatura.jpg\">\r\n\t\t\t\t\t\t<div style=\"background-image: url(https:\/\/www.alvarozapata.com\/wp-content\/uploads\/2021\/07\/miniatura-1024x542.jpg);\"><\/div>\r\n            \t\t\t\t\t<\/div>\r\n\t\t\t\t          <a href=\"https:\/\/www.alvarozapata.com\/en\/pt-portfolio\/2281\" class=\"permalink\"><i class=\"basic-ui-icon-link\"><\/i><\/a>\r\n        \t\t\t\t<div class=\"content\">\r\n\t\t\t\t\t\t\t\t<h5>Spot - Este verano compro en Mazarr\u00f3n (2021)<\/h5>\r\n\t\t\t\t\t\t\t\t\t\t\t<\/div>\r\n                  <a class=\"link\" href=\"#\" data-popup-json=\"{&quot;title&quot;:&quot;Spot - Este verano compro en Mazarr\\u00f3n (2021)&quot;,&quot;desc&quot;:false,&quot;video&quot;:{&quot;html&quot;:&quot;&lt;iframe class=\\&quot;pswp__video\\&quot; width=\\&quot;1920\\&quot; height=\\&quot;1080\\&quot; src=\\&quot;https:\\\/\\\/youtube.com\\\/embed\\\/coBws3E3nGQ?rel=0&#038;showinfo=0&#038;enablejsapi=1\\&quot; frameborder=\\&quot;0\\&quot; allowfullscreen=\\&quot;\\&quot;&gt;&lt;\\\/iframe&gt;&quot;,&quot;w&quot;:1920,&quot;h&quot;:1080},&quot;post_id&quot;:2281,&quot;likes&quot;:0,&quot;projectLink&quot;:&quot;https:\\\/\\\/www.alvarozapata.com\\\/en\\\/pt-portfolio\\\/2281&quot;,&quot;projectLinkTarget&quot;:&quot;_self&quot;}\" data-id=\"5\" ><\/a>        \t\t\t<\/div>\r\n\t\t<\/article>\r\n\t\t\t\t<article class=\"portfolio-item col-12 col-sm-4 col-lg-4 portfolio-grid-item category-24 popup-item with-video image-center\">\r\n\t\t\t<div class=\"wrap\">\r\n\t\t\t\t\t\t\t\t\t<div class=\"a-img\" data-original=\"https:\/\/www.alvarozapata.com\/wp-content\/uploads\/2021\/03\/Making-Of.jpg\">\r\n\t\t\t\t\t\t<div style=\"background-image: url(https:\/\/www.alvarozapata.com\/wp-content\/uploads\/2021\/03\/Making-Of-1024x576.jpg);\"><\/div>\r\n            \t\t\t\t\t<\/div>\r\n\t\t\t\t          <a href=\"https:\/\/www.alvarozapata.com\/en\/pt-portfolio\/making-of-en-busca-de-la-singla-la-fabrica-naranja\" class=\"permalink\"><i class=\"basic-ui-icon-link\"><\/i><\/a>\r\n        \t\t\t\t<div class=\"content\">\r\n\t\t\t\t\t\t\t\t<h5>Making Of \u201cEn busca de La Singla\u201d (La f\u00e1brica Naranja)<\/h5>\r\n\t\t\t\t\t\t\t\t\t\t\t<\/div>\r\n                  <a class=\"link\" href=\"#\" data-popup-json=\"{&quot;title&quot;:&quot;Making Of \\u201cEn busca de La Singla\\u201d (La f\\u00e1brica Naranja)&quot;,&quot;desc&quot;:false,&quot;video&quot;:{&quot;html&quot;:&quot;&lt;iframe class=\\&quot;pswp__video\\&quot; width=\\&quot;1920\\&quot; height=\\&quot;1080\\&quot; src=\\&quot;https:\\\/\\\/player.vimeo.com\\\/video\\\/464538480\\&quot; frameborder=\\&quot;0\\&quot; allowfullscreen=\\&quot;\\&quot;&gt;&lt;\\\/iframe&gt;&quot;,&quot;w&quot;:1920,&quot;h&quot;:1080},&quot;post_id&quot;:2484,&quot;likes&quot;:0,&quot;projectLink&quot;:&quot;https:\\\/\\\/www.alvarozapata.com\\\/en\\\/pt-portfolio\\\/making-of-en-busca-de-la-singla-la-fabrica-naranja&quot;,&quot;projectLinkTarget&quot;:&quot;_self&quot;}\" data-id=\"6\" ><\/a>        \t\t\t<\/div>\r\n\t\t<\/article>\r\n\t\t\t\t<article class=\"portfolio-item col-12 col-sm-4 col-lg-4 portfolio-grid-item category-28 popup-item with-video image-center\">\r\n\t\t\t<div class=\"wrap\">\r\n\t\t\t\t\t\t\t\t\t<div class=\"a-img\" data-original=\"https:\/\/www.alvarozapata.com\/wp-content\/uploads\/2022\/01\/Same-day-edit-Victoria-y-Juan_2.00x_3840x1636_amq-12.00_00_46_16.Imagen-fija001-scaled.jpg\">\r\n\t\t\t\t\t\t<div style=\"background-image: url(https:\/\/www.alvarozapata.com\/wp-content\/uploads\/2022\/01\/Same-day-edit-Victoria-y-Juan_2.00x_3840x1636_amq-12.00_00_46_16.Imagen-fija001-1024x436.jpg);\"><\/div>\r\n            \t\t\t\t\t<\/div>\r\n\t\t\t\t          <a href=\"https:\/\/www.alvarozapata.com\/en\/pt-portfolio\/trailer-victoria-y-juan-9-de-octubre-de-2021\" class=\"permalink\"><i class=\"basic-ui-icon-link\"><\/i><\/a>\r\n        \t\t\t\t<div class=\"content\">\r\n\t\t\t\t\t\t\t\t<h5>Trailer | Victoria y Juan - 9 de Octubre de 2021<\/h5>\r\n\t\t\t\t\t\t\t\t\t\t\t<\/div>\r\n                  <a class=\"link\" href=\"#\" data-popup-json=\"{&quot;title&quot;:&quot;Trailer | Victoria y Juan - 9 de Octubre de 2021&quot;,&quot;desc&quot;:false,&quot;video&quot;:{&quot;html&quot;:&quot;&lt;iframe class=\\&quot;pswp__video\\&quot; width=\\&quot;1920\\&quot; height=\\&quot;1080\\&quot; src=\\&quot;https:\\\/\\\/youtube.com\\\/embed\\\/tBGhSGcuQS0?rel=0&#038;showinfo=0&#038;enablejsapi=1\\&quot; frameborder=\\&quot;0\\&quot; allowfullscreen=\\&quot;\\&quot;&gt;&lt;\\\/iframe&gt;&quot;,&quot;w&quot;:1920,&quot;h&quot;:1080},&quot;post_id&quot;:2500,&quot;likes&quot;:0,&quot;projectLink&quot;:&quot;https:\\\/\\\/www.alvarozapata.com\\\/en\\\/pt-portfolio\\\/trailer-victoria-y-juan-9-de-octubre-de-2021&quot;,&quot;projectLinkTarget&quot;:&quot;_self&quot;}\" data-id=\"7\" ><\/a>        \t\t\t<\/div>\r\n\t\t<\/article>\r\n\t\t\t\t<article class=\"portfolio-item col-12 col-sm-4 col-lg-4 portfolio-grid-item category-24 popup-item with-video image-center\">\r\n\t\t\t<div class=\"wrap\">\r\n\t\t\t\t\t\t\t\t\t<div class=\"a-img\" data-original=\"https:\/\/www.alvarozapata.com\/wp-content\/uploads\/2022\/04\/Captura.jpg\">\r\n\t\t\t\t\t\t<div style=\"background-image: url(https:\/\/www.alvarozapata.com\/wp-content\/uploads\/2022\/04\/Captura-1024x532.jpg);\"><\/div>\r\n            \t\t\t\t\t<\/div>\r\n\t\t\t\t          <a href=\"https:\/\/www.alvarozapata.com\/en\/pt-portfolio\/amenitiz-casa-rural-alba-montis\" class=\"permalink\"><i class=\"basic-ui-icon-link\"><\/i><\/a>\r\n        \t\t\t\t<div class=\"content\">\r\n\t\t\t\t\t\t\t\t<h5>Amenitiz: Casa rural Alba Montis<\/h5>\r\n\t\t\t\t\t\t\t\t\t\t\t<\/div>\r\n                  <a class=\"link\" href=\"#\" data-popup-json=\"{&quot;title&quot;:&quot;Amenitiz: Casa rural Alba Montis&quot;,&quot;desc&quot;:false,&quot;video&quot;:{&quot;html&quot;:&quot;&lt;iframe class=\\&quot;pswp__video\\&quot; width=\\&quot;1920\\&quot; height=\\&quot;1080\\&quot; src=\\&quot;https:\\\/\\\/youtube.com\\\/embed\\\/P7INMM1uF1Q?rel=0&#038;showinfo=0&#038;enablejsapi=1\\&quot; frameborder=\\&quot;0\\&quot; allowfullscreen=\\&quot;\\&quot;&gt;&lt;\\\/iframe&gt;&quot;,&quot;w&quot;:1920,&quot;h&quot;:1080},&quot;post_id&quot;:2540,&quot;likes&quot;:0,&quot;projectLink&quot;:&quot;https:\\\/\\\/www.alvarozapata.com\\\/en\\\/pt-portfolio\\\/amenitiz-casa-rural-alba-montis&quot;,&quot;projectLinkTarget&quot;:&quot;_self&quot;}\" data-id=\"8\" ><\/a>        \t\t\t<\/div>\r\n\t\t<\/article>\r\n\t\t\t\t\t\t<\/div>\r\n\t\t\t\t\t\t\t<div class=\"load-button tac\">\r\n\t\t\t\t<a href=\"#\" data-array=\"[{&quot;id&quot;:2555,&quot;cat&quot;:[20]},{&quot;id&quot;:2557,&quot;cat&quot;:[20]},{&quot;id&quot;:2560,&quot;cat&quot;:[20]},{&quot;id&quot;:2581,&quot;cat&quot;:[20]},{&quot;id&quot;:2711,&quot;cat&quot;:[20]},{&quot;id&quot;:2713,&quot;cat&quot;:[20]},{&quot;id&quot;:2717,&quot;cat&quot;:[20]},{&quot;id&quot;:2730,&quot;cat&quot;:[20]},{&quot;id&quot;:2732,&quot;cat&quot;:[20]},{&quot;id&quot;:2752,&quot;cat&quot;:[20]},{&quot;id&quot;:2757,&quot;cat&quot;:[24]},{&quot;id&quot;:2759,&quot;cat&quot;:[24]},{&quot;id&quot;:2773,&quot;cat&quot;:[20]},{&quot;id&quot;:2802,&quot;cat&quot;:[20]},{&quot;id&quot;:2856,&quot;cat&quot;:[20]},{&quot;id&quot;:2896,&quot;cat&quot;:[20]},{&quot;id&quot;:2898,&quot;cat&quot;:[20]},{&quot;id&quot;:2900,&quot;cat&quot;:[20]},{&quot;id&quot;:2923,&quot;cat&quot;:[20]},{&quot;id&quot;:2925,&quot;cat&quot;:[20]},{&quot;id&quot;:2929,&quot;cat&quot;:[20]},{&quot;id&quot;:2931,&quot;cat&quot;:[20]},{&quot;id&quot;:2952,&quot;cat&quot;:[20]},{&quot;id&quot;:2954,&quot;cat&quot;:[20]},{&quot;id&quot;:2956,&quot;cat&quot;:[20]}]\" data-count=\"9\" data-atts=\"{&quot;uniqid&quot;:&quot;59c3651ca7662&quot;,&quot;count_items&quot;:&quot;9&quot;,&quot;type&quot;:&quot;grid&quot;,&quot;cols&quot;:&quot;3&quot;,&quot;project_link_target&quot;:&quot;off&quot;,&quot;hover&quot;:&quot;type_1&quot;,&quot;hover_disable&quot;:&quot;off&quot;,&quot;popup_gallery&quot;:&quot;on&quot;,&quot;popup_mode&quot;:&quot;on&quot;,&quot;popup_mode_title&quot;:&quot;off&quot;,&quot;popup_mode_desc&quot;:&quot;off&quot;,&quot;project_link&quot;:&quot;on&quot;,&quot;filter_buttons&quot;:&quot;on&quot;,&quot;filter_buttons_align&quot;:&quot;tac&quot;,&quot;desc_size&quot;:&quot;45&quot;,&quot;gap&quot;:&quot;on&quot;,&quot;thumb_size&quot;:&quot;large&quot;,&quot;navigation&quot;:&quot;load_more&quot;,&quot;show_heading&quot;:&quot;on&quot;,&quot;show_desc&quot;:&quot;on&quot;,&quot;show_categories&quot;:&quot;on&quot;,&quot;orderby&quot;:&quot;post__in&quot;,&quot;order&quot;:&quot;ASC&quot;,&quot;source&quot;:&quot;&quot;,&quot;items&quot;:&quot;&quot;,&quot;categories&quot;:&quot;&quot;,&quot;save_aspect_ratio&quot;:&quot;off&quot;,&quot;carousel_nav&quot;:&quot;off&quot;,&quot;infinite_loop&quot;:&quot;on&quot;,&quot;mousewheel&quot;:&quot;on&quot;,&quot;speed&quot;:&quot;300&quot;,&quot;autoplay&quot;:&quot;on&quot;,&quot;autoplay_speed&quot;:&quot;5000&quot;,&quot;width&quot;:&quot;600&quot;}\" class=\"button-style2 loadmore-button load_more\">\r\n\t\t\t\t\t<span>Cargar m\u00e1s.<\/span>\r\n\t\t\t\t<\/a>\r\n\t\t\t<\/div>\r\n\t\t\t\t\t\t\t<\/div>\r\n    <\/div><\/div><\/div><\/div>\n<\/section>","protected":false},"excerpt":{"rendered":"Gallery Todo Bodas Otros proyectos Victoria y Juan - 9 de Octubre de 2021 V\u00eddeo musical Retrodisea - Sue\u00f1os de Ne\u00f3n (2020) Sonia Nawri - Summer Vibes (2020) Spot - ASESalud (2021) Videobook - Fernando Mart\u00ednez (2021) FJay - A la cara (2021) Spot - Este verano compro en Mazarr\u00f3n (2021) Making Of \u201cEn busca [...]","protected":false},"author":1,"featured_media":0,"parent":0,"menu_order":0,"comment_status":"closed","ping_status":"closed","template":"template-landing.php","meta":[],"acf":[],"yoast_head":"<!-- This site is optimized with the Yoast SEO plugin v21.1 - https:\/\/yoast.com\/wordpress\/plugins\/seo\/ -->\n<title>Project items links - \u00c1lvaro Zapata - Videografo<\/title>\n<meta name=\"robots\" content=\"index, follow, max-snippet:-1, max-image-preview:large, max-video-preview:-1\" \/>\n<link rel=\"canonical\" href=\"https:\/\/www.alvarozapata.com\/en\/project-items\/\" \/>\n<meta property=\"og:locale\" content=\"en_GB\" \/>\n<meta property=\"og:type\" content=\"article\" \/>\n<meta property=\"og:title\" content=\"Project items links - \u00c1lvaro Zapata - Videografo\" \/>\n<meta property=\"og:url\" content=\"https:\/\/www.alvarozapata.com\/en\/project-items\/\" \/>\n<meta property=\"og:site_name\" content=\"\u00c1lvaro Zapata - Videografo\" \/>\n<meta name=\"twitter:card\" content=\"summary_large_image\" \/>\n<script type=\"application\/ld+json\" class=\"yoast-schema-graph\">{\"@context\":\"https:\/\/schema.org\",\"@graph\":[{\"@type\":\"WebPage\",\"@id\":\"https:\/\/www.alvarozapata.com\/project-items\",\"url\":\"https:\/\/www.alvarozapata.com\/project-items\",\"name\":\"Project items links - \u00c1lvaro Zapata - Videografo\",\"isPartOf\":{\"@id\":\"https:\/\/www.alvarozapata.com\/#website\"},\"datePublished\":\"2017-11-01T07:48:31+00:00\",\"dateModified\":\"2017-11-01T07:48:31+00:00\",\"breadcrumb\":{\"@id\":\"https:\/\/www.alvarozapata.com\/project-items#breadcrumb\"},\"inLanguage\":\"en-GB\",\"potentialAction\":[{\"@type\":\"ReadAction\",\"target\":[\"https:\/\/www.alvarozapata.com\/project-items\"]}]},{\"@type\":\"BreadcrumbList\",\"@id\":\"https:\/\/www.alvarozapata.com\/project-items#breadcrumb\",\"itemListElement\":[{\"@type\":\"ListItem\",\"position\":1,\"name\":\"Portada\",\"item\":\"https:\/\/www.alvarozapata.com\/\"},{\"@type\":\"ListItem\",\"position\":2,\"name\":\"Project items links\"}]},{\"@type\":\"WebSite\",\"@id\":\"https:\/\/www.alvarozapata.com\/#website\",\"url\":\"https:\/\/www.alvarozapata.com\/\",\"name\":\"\u00c1lvaro Zapata - Videografo\",\"description\":\"V\u00eddeo de boda en Murcia\",\"potentialAction\":[{\"@type\":\"SearchAction\",\"target\":{\"@type\":\"EntryPoint\",\"urlTemplate\":\"https:\/\/www.alvarozapata.com\/?s={search_term_string}\"},\"query-input\":\"required name=search_term_string\"}],\"inLanguage\":\"en-GB\"}]}<\/script>\n<!-- \/ Yoast SEO plugin. -->","yoast_head_json":{"title":"Project items links - \u00c1lvaro Zapata - Videografo","robots":{"index":"index","follow":"follow","max-snippet":"max-snippet:-1","max-image-preview":"max-image-preview:large","max-video-preview":"max-video-preview:-1"},"canonical":"https:\/\/www.alvarozapata.com\/en\/project-items\/","og_locale":"en_GB","og_type":"article","og_title":"Project items links - \u00c1lvaro Zapata - Videografo","og_url":"https:\/\/www.alvarozapata.com\/en\/project-items\/","og_site_name":"\u00c1lvaro Zapata - Videografo","twitter_card":"summary_large_image","schema":{"@context":"https:\/\/schema.org","@graph":[{"@type":"WebPage","@id":"https:\/\/www.alvarozapata.com\/project-items","url":"https:\/\/www.alvarozapata.com\/project-items","name":"Project items links - \u00c1lvaro Zapata - Videografo","isPartOf":{"@id":"https:\/\/www.alvarozapata.com\/#website"},"datePublished":"2017-11-01T07:48:31+00:00","dateModified":"2017-11-01T07:48:31+00:00","breadcrumb":{"@id":"https:\/\/www.alvarozapata.com\/project-items#breadcrumb"},"inLanguage":"en-GB","potentialAction":[{"@type":"ReadAction","target":["https:\/\/www.alvarozapata.com\/project-items"]}]},{"@type":"BreadcrumbList","@id":"https:\/\/www.alvarozapata.com\/project-items#breadcrumb","itemListElement":[{"@type":"ListItem","position":1,"name":"Portada","item":"https:\/\/www.alvarozapata.com\/"},{"@type":"ListItem","position":2,"name":"Project items links"}]},{"@type":"WebSite","@id":"https:\/\/www.alvarozapata.com\/#website","url":"https:\/\/www.alvarozapata.com\/","name":"\u00c1lvaro Zapata - Videografo","description":"V\u00eddeo de boda en Murcia","potentialAction":[{"@type":"SearchAction","target":{"@type":"EntryPoint","urlTemplate":"https:\/\/www.alvarozapata.com\/?s={search_term_string}"},"query-input":"required name=search_term_string"}],"inLanguage":"en-GB"}]}},"_links":{"self":[{"href":"https:\/\/www.alvarozapata.com\/en\/wp-json\/wp\/v2\/pages\/924"}],"collection":[{"href":"https:\/\/www.alvarozapata.com\/en\/wp-json\/wp\/v2\/pages"}],"about":[{"href":"https:\/\/www.alvarozapata.com\/en\/wp-json\/wp\/v2\/types\/page"}],"author":[{"embeddable":true,"href":"https:\/\/www.alvarozapata.com\/en\/wp-json\/wp\/v2\/users\/1"}],"replies":[{"embeddable":true,"href":"https:\/\/www.alvarozapata.com\/en\/wp-json\/wp\/v2\/comments?post=924"}],"version-history":[{"count":0,"href":"https:\/\/www.alvarozapata.com\/en\/wp-json\/wp\/v2\/pages\/924\/revisions"}],"wp:attachment":[{"href":"https:\/\/www.alvarozapata.com\/en\/wp-json\/wp\/v2\/media?parent=924"}],"curies":[{"name":"wp","href":"https:\/\/api.w.org\/{rel}","templated":true}]}}